{"id":9,"date":"2016-09-21T12:53:27","date_gmt":"2016-09-21T12:53:27","guid":{"rendered":"http:\/\/cheiodepulgacustoms.com.br\/index.php\/upcoming-events\/"},"modified":"2022-11-07T10:34:32","modified_gmt":"2022-11-07T13:34:32","slug":"upcoming-events","status":"publish","type":"page","link":"https:\/\/cheiodepulgacustoms.com.br\/index.php\/upcoming-events\/","title":{"rendered":"Empresa"},"content":{"rendered":"\n<p><\/p>\n\n\n\n<p><\/p>\n\n\n\n<p><strong>EMPRESA<\/strong><\/p>\n\n\n\n<p>A empresa Cheio de Pulga Customs \u00e9 especializada na constru\u00e7\u00e3o de acess\u00f3rios para motocicletas e, oferecendo um servi\u00e7o diferenciado para equipamentos da linha<\/p>\n\n\n\n<p><strong>MISS\u00c3O:<\/strong><\/p>\n\n\n\n<p>Fornecer produtos com qualidade e variedade a um pre\u00e7o competitivo, gerando valor para nossos clientes.<\/p>\n\n\n\n<p>&nbsp;<strong>VIS\u00c3O:<\/strong><\/p>\n\n\n\n<p>Atingir a excel\u00eancia na gest\u00e3o do neg\u00f3cio, ser reconhecido como o melhor fornecedor de acess\u00f3rios do mercado pelos nossos clientes, como melhor lugar para trabalhar pelos nossos colaboradores.<\/p>\n\n\n\n<p>&nbsp;<strong>VALORES:<\/strong><\/p>\n\n\n\n<p>\u00c9tica, Respeito, Lideran\u00e7a interativa, Comprometimento, Honestidade, Seriedade e confian\u00e7a com todos nossos clientes, provedores externos e colaboradores.<\/p>\n\n\n\n<p>&nbsp;<strong>ESCOPO:<\/strong><\/p>\n\n\n\n<p>Desenvolvimento e Produ\u00e7\u00e3o de Sissy Bar, Guid\u00e3os, Ponteiras e conjunto de pedaleiras para sua moto.<\/p>\n\n\n\n<p>&nbsp;<strong>POL\u00cdTICA DE QUALIDADE:<\/strong><\/p>\n\n\n\n<p>Melhorar continuamente o Sistema de Gest\u00e3o da Qualidade, assegurar e aprimorar a qualidade de nossos produtos, atender os requisitos aplic\u00e1veis com o objetivo de satisfazer a expectativa dos nossos clientes.<\/p>\n","protected":false},"excerpt":{"rendered":"<p>EMPRESA A empresa Cheio de Pulga Customs \u00e9 especializada na constru\u00e7\u00e3o de acess\u00f3rios para motocicletas e, oferecendo um servi\u00e7o diferenciado para equipamentos da linha MISS\u00c3O: Fornecer<span class=\"excerpt-hellip\"> [\u2026]<\/span><\/p>\n","protected":false},"author":1,"featured_media":2328,"parent":0,"menu_order":0,"comment_status":"closed","ping_status":"closed","template":"","meta":{"om_disable_all_campaigns":false,"_mi_skip_tracking":false,"footnotes":""},"class_list":["post-9","page","type-page","status-publish","has-post-thumbnail","hentry"],"aioseo_notices":[],"_links":{"self":[{"href":"https:\/\/cheiodepulgacustoms.com.br\/index.php\/wp-json\/wp\/v2\/pages\/9","targetHints":{"allow":["GET"]}}],"collection":[{"href":"https:\/\/cheiodepulgacustoms.com.br\/index.php\/wp-json\/wp\/v2\/pages"}],"about":[{"href":"https:\/\/cheiodepulgacustoms.com.br\/index.php\/wp-json\/wp\/v2\/types\/page"}],"author":[{"embeddable":true,"href":"https:\/\/cheiodepulgacustoms.com.br\/index.php\/wp-json\/wp\/v2\/users\/1"}],"replies":[{"embeddable":true,"href":"https:\/\/cheiodepulgacustoms.com.br\/index.php\/wp-json\/wp\/v2\/comments?post=9"}],"version-history":[{"count":7,"href":"https:\/\/cheiodepulgacustoms.com.br\/index.php\/wp-json\/wp\/v2\/pages\/9\/revisions"}],"predecessor-version":[{"id":2377,"href":"https:\/\/cheiodepulgacustoms.com.br\/index.php\/wp-json\/wp\/v2\/pages\/9\/revisions\/2377"}],"wp:featuredmedia":[{"embeddable":true,"href":"https:\/\/cheiodepulgacustoms.com.br\/index.php\/wp-json\/wp\/v2\/media\/2328"}],"wp:attachment":[{"href":"https:\/\/cheiodepulgacustoms.com.br\/index.php\/wp-json\/wp\/v2\/media?parent=9"}],"curies":[{"name":"wp","href":"https:\/\/api.w.org\/{rel}","templated":true}]}}